{"id":58309,"date":"2024-10-22T13:46:33","date_gmt":"2024-10-22T11:46:33","guid":{"rendered":"https:\/\/seda2024.cloud10.webhome.at\/produkte\/sog2\/"},"modified":"2026-02-12T16:44:53","modified_gmt":"2026-02-12T15:44:53","slug":"sog2","status":"publish","type":"product","link":"https:\/\/www.seda-international.com\/us\/products\/sog2\/","title":{"rendered":"SEDA SOG2"},"content":{"rendered":"\n<div class=\"wp-block-group has-global-padding is-layout-constrained wp-block-group-is-layout-constrained\">\n<div class=\"wp-block-webx-blocks-grid is-layout-grid wp-container-webx-blocks-grid-is-layout-54013709 wp-block-webx-blocks-grid-is-layout-grid\" style=\"margin-top:var(--wp--preset--spacing--50);margin-bottom:var(--wp--preset--spacing--50);padding-top:0;padding-bottom:0;--grid-columns-desktop:2;--grid-columns-tablet:1;--grid-columns-mobile:1\">\n<div class=\"wp-block-webx-blocks-grid-item is-vertically-aligned-center is-layout-flow wp-block-webx-blocks-grid-item-is-layout-flow\" style=\"padding-top:0;padding-right:0;padding-bottom:0;padding-left:0;--grid-area-desktop:auto \/ auto \/ auto \/ auto;--grid-area-tablet:auto \/ auto \/ auto \/ auto;--grid-area-mobile:2 \/ 1 \/ 3 \/ 2\">\n<div class=\"wp-block-group has-global-padding is-layout-constrained wp-block-group-is-layout-constrained\">\n<hr class=\"wp-block-separator has-text-color has-accent-color has-alpha-channel-opacity has-accent-background-color has-background is-style-left\" style=\"margin-bottom:var(--wp--preset--spacing--20)\"\/>\n\n\n\n<div class=\"wp-block-webx-blocks-subtitle\">Shock absorber draining device<\/div>\n\n\n<h1 class=\"wp-block-post-title\">SEDA SOG2<\/h1>\n\n\n<p><strong>Up to 1.5 liters of waste oil can be contained in four shock absorbers.<\/strong><\/p>\n\n\n\n<p>The device is securely fixed to the shock absorber using a specially designed grip clamp. The drilling process is powered by a precisely controlled compressed air supply, while the oil is efficiently extracted using a vacuum system. The integrated residual oil extraction hose ensures that any remaining oil is completely removed through the drilled hole in the shock absorber, enabling a clean and effective fluid recovery.<\/p>\n\n\n\n<div class=\"wp-block-group is-nowrap is-layout-flex wp-container-core-group-is-layout-6c531013 wp-block-group-is-layout-flex\">\n<div class=\"wp-block-buttons is-layout-flex wp-block-buttons-is-layout-flex\">\n<div class=\"wp-block-button is-style-dark\"><a class=\"wp-block-button__link wp-element-button\" href=\"#anfrage\">Product Inquiry<\/a><\/div>\n<\/div>\n\n\n\n<div style=\"padding-top:0;padding-bottom:0;padding-left:0;padding-right:0;\" class=\"wp-elements-a5cc4c1089e72fac1220510cb2b4aad1 wp-block-webx-post-collector-post-adder has-text-color has-medium-grey-color is-layout-flow wp-block-webx-post-collector-post-adder-is-layout-flow\"    data-wp-interactive=\"webx-post-collector\"\n    data-wp-class--collected=\"state.isInCollection\"\n    data-webx-post-id=\"58309\"\n    data-wp-context='{\"post\":58309,\"label\":\"Bookmark\",\"removeLabel\":\"\",\"showQuantity\":false,\"quantity\":1}'>\n    <div>\n        <svg width=\"100%\" height=\"100%\" viewBox=\"0 0 30 30\" version=\"1.1\" xmlns=\"http:\/\/www.w3.org\/2000\/svg\"\n            xmlns:xlink=\"http:\/\/www.w3.org\/1999\/xlink\" xml:space=\"preserve\" xmlns:serif=\"http:\/\/www.serif.com\/\"\n            style=\"fill-rule:evenodd;clip-rule:evenodd;stroke-linecap:round;stroke-linejoin:round;stroke-miterlimit:1.5;\"\n            data-wp-on--click=\"actions.addToCollection\">\n            <path\n                d=\"M15,2.116l3.198,9.843l10.349,-0l-8.373,6.082l3.198,9.843l-8.372,-6.083l-8.372,6.083l3.198,-9.843l-8.373,-6.082l10.349,-0l3.198,-9.843Z\" \/>\n        <\/svg>\n                            <span data-wp-text=\"state.currentLabel\" data-wp-on--click=\"actions.addToCollection\"\n                style=\"cursor:pointer;\"><\/span>\n            <\/div>\n<\/div><\/div>\n<\/div>\n<\/div>\n\n\n\n<div class=\"wp-block-webx-blocks-grid-item is-vertically-aligned-center is-layout-flow wp-block-webx-blocks-grid-item-is-layout-flow\" style=\"padding-top:0;padding-right:0;padding-bottom:0;padding-left:0;--grid-area-desktop:auto \/ auto \/ auto \/ auto;--grid-area-tablet:auto \/ auto \/ auto \/ auto;--grid-area-mobile:1 \/ 1 \/ 2 \/ 2\">\n<div\n    class=\"wp-block-webx-blocks-image-map\"    data-wp-interactive=\"webx-image-map\">\n    <img loading=\"lazy\" decoding=\"async\"\n        src=\"https:\/\/www.seda-international.com\/wp-content\/uploads\/2024\/10\/S-51312-SOG2-min.png\"\n        alt=\"\"\n        width=\"2000\"\n        height=\"1339\"\n        srcset=\"https:\/\/www.seda-international.com\/wp-content\/uploads\/2024\/10\/S-51312-SOG2-min-150x150.png 150w, https:\/\/www.seda-international.com\/wp-content\/uploads\/2024\/10\/S-51312-SOG2-min-300x201.png 300w, https:\/\/www.seda-international.com\/wp-content\/uploads\/2024\/10\/S-51312-SOG2-min-1024x686.png 1024w, https:\/\/www.seda-international.com\/wp-content\/uploads\/2024\/10\/S-51312-SOG2-min-600x402.png 600w, https:\/\/www.seda-international.com\/wp-content\/uploads\/2024\/10\/S-51312-SOG2-min.png 2000w, https:\/\/www.seda-international.com\/wp-content\/uploads\/2024\/10\/S-51312-SOG2-min-1536x1028.png 1536w, https:\/\/www.seda-international.com\/wp-content\/uploads\/2024\/10\/S-51312-SOG2-min-1344x900.png 1344w, https:\/\/www.seda-international.com\/wp-content\/uploads\/2024\/10\/S-51312-SOG2-min-896x600.png 896w\"\n        sizes=\"auto, (max-width: 150px) 150px,\n           (max-width: 300px) 300px,\n           (max-width: 1024px) 1024px,\n           1920px\">\n    <div class=\"dots-container\">\n        \n\n<div\n    class=\"left wp-block-webx-blocks-image-map-dot\"    data-wp-interactive=\"webx-image-map\"\n    data-wp-on--click=\"actions.setOpen\"\n    data-wp-class--is-selected=\"state.isOpen\"\n    data-wp-context='{\"isOpen\":false,\"id\":\"p-3\"}'    style=\" top: 25.95%; left: 64%\">\n    <div>Removable cap for cleaning the drill shavings chamber<\/div>\n<\/div>\n\n\n<div\n    class=\"left wp-block-webx-blocks-image-map-dot\"    data-wp-interactive=\"webx-image-map\"\n    data-wp-on--click=\"actions.setOpen\"\n    data-wp-class--is-selected=\"state.isOpen\"\n    data-wp-context='{\"isOpen\":false,\"id\":\"p-4\"}'    style=\" top: 56.40%; left: 67.89%\">\n    <div>Adjustable grip clamp automatically adapts to the specific shock absorber<\/div>\n<\/div>\n\n\n<div\n    class=\"right wp-block-webx-blocks-image-map-dot\"    data-wp-interactive=\"webx-image-map\"\n    data-wp-on--click=\"actions.setOpen\"\n    data-wp-class--is-selected=\"state.isOpen\"\n    data-wp-context='{\"isOpen\":false,\"id\":\"p-5\"}'    style=\" top: 37.13%; right: 81.18%\">\n    <div>Release button to retract the drill from the drilled hole<\/div>\n<\/div>\n\n\n<div\n    class=\"right wp-block-webx-blocks-image-map-dot\"    data-wp-interactive=\"webx-image-map\"\n    data-wp-on--click=\"actions.setOpen\"\n    data-wp-class--is-selected=\"state.isOpen\"\n    data-wp-context='{\"isOpen\":false,\"id\":\"p-6\"}'    style=\" top: 55.57%; right: 80%\">\n    <div>Low-wear feed<br>mechanism for<br>extended durability<\/div>\n<\/div>\n\n\n<div\n    class=\"left wp-block-webx-blocks-image-map-dot\"    data-wp-interactive=\"webx-image-map\"\n    data-wp-on--click=\"actions.setOpen\"\n    data-wp-class--is-selected=\"state.isOpen\"\n    data-wp-context='{\"isOpen\":false,\"id\":\"p-7\"}'    style=\" top: 61.99%; left: 47.36%\">\n    <div>Release button to free the drill in case of blockage<\/div>\n<\/div>\n\n\n<div\n    class=\"left wp-block-webx-blocks-image-map-dot\"    data-wp-interactive=\"webx-image-map\"\n    data-wp-on--click=\"actions.setOpen\"\n    data-wp-class--is-selected=\"state.isOpen\"\n    data-wp-context='{\"isOpen\":false,\"id\":\"p-8\"}'    style=\" top: 67.38%; left: 47.36%\">\n    <div>Simple on\/off switch for the drill<br>mechanism<\/div>\n<\/div>\n\n\n<div\n    class=\"left wp-block-webx-blocks-image-map-dot\"    data-wp-interactive=\"webx-image-map\"\n    data-wp-on--click=\"actions.setOpen\"\n    data-wp-class--is-selected=\"state.isOpen\"\n    data-wp-context='{\"isOpen\":false,\"id\":\"p-9\"}'    style=\" top: 41.07%; left: 62.62%\">\n    <div>Visual section for monitoring oil flow<\/div>\n<\/div>\n    <\/div>\n<\/div><\/div>\n<\/div>\n<\/div>\n\n\n\n<div class=\"wp-block-group alignfull is-layout-flow wp-container-core-group-is-layout-d64f4584 wp-block-group-is-layout-flow\" style=\"margin-top:var(--wp--preset--spacing--50);margin-bottom:var(--wp--preset--spacing--50)\">\n<div class=\"wp-block-group alignfull has-light-grey-background-color has-background has-global-padding is-layout-constrained wp-block-group-is-layout-constrained\" style=\"padding-top:var(--wp--preset--spacing--40);padding-bottom:var(--wp--preset--spacing--40)\">\n<div class=\"wp-block-webx-blocks-grid is-layout-grid wp-container-webx-blocks-grid-is-layout-39518332 wp-block-webx-blocks-grid-is-layout-grid\" style=\"padding-right:0;padding-left:0;--grid-columns-desktop:3;--grid-columns-tablet:2;--grid-columns-mobile:1\">\n<div class=\"wp-block-webx-blocks-grid-item is-layout-flow wp-block-webx-blocks-grid-item-is-layout-flow\" style=\"padding-top:0;padding-right:0;padding-bottom:0;padding-left:0;--grid-area-desktop:auto \/ auto \/ auto \/ auto;--grid-area-tablet:auto \/ auto \/ auto \/ auto;--grid-area-mobile:auto \/ auto \/ auto \/ auto\">\n<h2 class=\"wp-block-heading\">Technische daten<\/h2>\n\n\n\n<figure class=\"wp-block-table is-style-stripes\"><table><tbody><tr><td><\/td><td>Compressed Air<\/td><td>116 psi<\/td><\/tr><tr><td><\/td><td>Weight<\/td><td>8.8 lbs<\/td><\/tr><tr><td><\/td><td>Note:<\/td><td>Shock absorber wall thickness up to a maximum of 0.06&#8243;<\/td><\/tr><\/tbody><\/table><\/figure>\n<\/div>\n\n\n\n<div class=\"wp-block-webx-blocks-grid-item is-layout-flow wp-block-webx-blocks-grid-item-is-layout-flow\" style=\"padding-top:0;padding-right:0;padding-bottom:0;padding-left:0;--grid-area-desktop:auto \/ auto \/ auto \/ auto;--grid-area-tablet:auto \/ auto \/ auto \/ auto;--grid-area-mobile:auto \/ auto \/ auto \/ auto\">\n<h2 class=\"wp-block-heading\">Bestellnummer<\/h2>\n\n\n\n<figure class=\"wp-block-table is-style-stripes\"><table><tbody><tr><td>A-51312<\/td><td class=\"has-text-align-left\" data-align=\"left\">SEDA SOG\u00b2<\/td><\/tr><tr><td><strong>Required device:<\/strong><\/td><td class=\"has-text-align-left\" data-align=\"left\"><\/td><\/tr><tr><td>A-51311<\/td><td class=\"has-text-align-left\" data-align=\"left\">SEDA Waste oil extractor<\/td><\/tr><tr><td>C-51350<\/td><td class=\"has-text-align-left\" data-align=\"left\">SEDA Waste oil pump<\/td><\/tr><\/tbody><\/table><\/figure>\n<\/div>\n\n\n\n<div class=\"wp-block-webx-blocks-grid-item is-layout-flow wp-block-webx-blocks-grid-item-is-layout-flow\" style=\"padding-top:0;padding-right:0;padding-bottom:0;padding-left:0;--grid-area-desktop:auto \/ auto \/ auto \/ auto;--grid-area-tablet:auto \/ span 2 \/ auto \/ auto;--grid-area-mobile:auto \/ auto \/ auto \/ auto\">\n<h2 class=\"wp-block-heading\">Downloads<\/h2>\n\n\n\n<div class=\"wp-block-buttons is-vertical is-layout-flex wp-container-core-buttons-is-layout-fe9cc265 wp-block-buttons-is-layout-flex\">\n<div class=\"wp-block-button is-style-dark\"><a class=\"wp-block-button__link wp-element-button\" href=\"https:\/\/www.seda-international.com\/wp-content\/uploads\/2026\/02\/VER-INFO-US-SOG2.pdf\" target=\"_blank\" rel=\"noreferrer noopener\">Infosheet (PDF)<\/a><\/div>\n<\/div>\n<\/div>\n<\/div>\n<\/div>\n\n\n\n<div class=\"wp-block-group alignfull has-medium-grey-background-color has-background is-layout-flow wp-block-group-is-layout-flow\">\n<div class=\"wp-block-group has-global-padding is-layout-constrained wp-block-group-is-layout-constrained\">\n<div class=\"wp-block-cover is-light is-style-triangled has-base-color has-text-color has-link-color wp-elements-4bf25a82da6463e13fa6795c48ebff79\" style=\"padding-right:0;padding-left:0\"><span aria-hidden=\"true\" class=\"wp-block-cover__background has-medium-grey-background-color has-background-dim-100 has-background-dim\"><\/span><div class=\"wp-block-cover__inner-container has-global-padding is-layout-constrained wp-container-core-cover-is-layout-7db9d80f wp-block-cover-is-layout-constrained\">\n<div class=\"wp-block-webx-blocks-grid is-layout-grid wp-container-webx-blocks-grid-is-layout-89e88e70 wp-block-webx-blocks-grid-is-layout-grid\" style=\"padding-top:var(--wp--preset--spacing--40);padding-right:0;padding-bottom:var(--wp--preset--spacing--40);padding-left:0;--grid-columns-desktop:3;--grid-columns-tablet:1;--grid-columns-mobile:1\">\n<div class=\"wp-block-webx-blocks-grid-item is-vertically-aligned-top is-layout-flow wp-block-webx-blocks-grid-item-is-layout-flow\" style=\"padding-top:0;padding-right:0;padding-bottom:0;padding-left:0;--grid-area-desktop:auto \/ 1 \/ auto \/ 3;--grid-area-tablet:auto \/ auto \/ auto \/ auto;--grid-area-mobile:auto \/ auto \/ auto \/ auto\">\n<div class=\"wp-block-group has-global-padding is-layout-constrained wp-block-group-is-layout-constrained\">\n<h2 class=\"wp-block-heading\">Benefits<\/h2>\n\n\n\n<ul style=\"font-size:clamp(0.875rem, 0.875rem + ((1vw - 0.2rem) * 0.459), 1.3rem);\" class=\"wp-block-list is-style-checkmark-list\">\n<li>Pneumatic shock absorber drilling device<\/li>\n\n\n\n<li>Easy operation<\/li>\n\n\n\n<li>Includes connection fittings<\/li>\n\n\n\n<li>Draining possible provided there is sufficient space (wheel removed)<\/li>\n<\/ul>\n<\/div>\n<\/div>\n\n\n\n<div class=\"wp-block-webx-blocks-grid-item is-layout-flow wp-block-webx-blocks-grid-item-is-layout-flow\" style=\"padding-top:0;padding-right:0;padding-bottom:0;padding-left:0;--grid-area-desktop:auto \/ auto \/ auto \/ auto;--grid-area-tablet:auto \/ auto \/ auto \/ auto;--grid-area-mobile:auto \/ auto \/ auto \/ auto\">\n<h2 class=\"wp-block-heading\">Video<\/h2>\n\n\n\n<figure class=\"wp-block-embed is-type-video is-provider-youtube wp-block-embed-youtube wp-embed-aspect-16-9 wp-has-aspect-ratio\"><div class=\"wp-block-embed__wrapper\">\n <div class=\"brlbs-cmpnt-container brlbs-cmpnt-content-blocker brlbs-cmpnt-with-individual-styles\" data-borlabs-cookie-content-blocker-id=\"youtube-content-blocker\" data-borlabs-cookie-content=\"PGlmcmFtZSB0aXRsZT0iU0VEQSBTT0cyIChlbmdsaXNoIHZlcnNpb24pIiB3aWR0aD0iNTAwIiBoZWlnaHQ9IjI4MSIgc3JjPSJodHRwczovL3d3dy55b3V0dWJlLW5vY29va2llLmNvbS9lbWJlZC9zazlRYmR1YUd1cz9mZWF0dXJlPW9lbWJlZCIgZnJhbWVib3JkZXI9IjAiIGFsbG93PSJhY2NlbGVyb21ldGVyOyBhdXRvcGxheTsgY2xpcGJvYXJkLXdyaXRlOyBlbmNyeXB0ZWQtbWVkaWE7IGd5cm9zY29wZTsgcGljdHVyZS1pbi1waWN0dXJlOyB3ZWItc2hhcmUiIHJlZmVycmVycG9saWN5PSJzdHJpY3Qtb3JpZ2luLXdoZW4tY3Jvc3Mtb3JpZ2luIiBhbGxvd2Z1bGxzY3JlZW4+PC9pZnJhbWU+\"><div class=\"brlbs-cmpnt-cb-preset-c brlbs-cmpnt-cb-youtube\"> <div class=\"brlbs-cmpnt-cb-thumbnail\" style=\"background-image: url('https:\/\/www.seda-international.com\/wp-content\/uploads\/borlabs-cookie\/1\/yt_sk9QbduaGus_hqdefault.jpg')\"><\/div> <div class=\"brlbs-cmpnt-cb-main\"> <div class=\"brlbs-cmpnt-cb-play-button\"><\/div> <div class=\"brlbs-cmpnt-cb-content\"> <p class=\"brlbs-cmpnt-cb-description\">You are currently viewing a placeholder content from <strong>YouTube<\/strong>. To access the actual content, click the button below. Please note that doing so will share data with third-party providers.<\/p> <a class=\"brlbs-cmpnt-cb-provider-toggle\" href=\"#\" data-borlabs-cookie-show-provider-information role=\"button\">More Information<\/a> <\/div> <div class=\"brlbs-cmpnt-cb-buttons\"> <a class=\"brlbs-cmpnt-cb-btn\" href=\"#\" data-borlabs-cookie-unblock role=\"button\">Unblock content<\/a> <a class=\"brlbs-cmpnt-cb-btn\" href=\"#\" data-borlabs-cookie-accept-service role=\"button\" style=\"display: inherit\">Accept required service and unblock content<\/a> <\/div> <\/div> <\/div><\/div>\n<\/div><\/figure>\n<\/div>\n<\/div>\n<\/div><\/div>\n<\/div>\n<\/div>\n<\/div>\n\n\n    \n\n<div style=\"margin-top:var(--wp--preset--spacing--50);margin-bottom:var(--wp--preset--spacing--50);\" class=\"wp-block-webx-blocks-image-slider\">\n\t<div class=\"swiper webx-gallery-swiper\" data-spv=\"3\" data-sb=10 data-stn=1 data-loop=\"0\">\n\t\t<div class=\"swiper-wrapper\" style=\"\">\n\t\t\t\t\t\t\t\t\t\t\t\t\t\t\t\t\t<div class=\"swiper-slide\">\n\t\t\t\t\t\t\t\t\t\t\t\t\t<a href=\"https:\/\/www.seda-international.com\/wp-content\/uploads\/2024\/10\/S-51312-SOG2-1-min.jpg\" data-fslightbox=\"4a6d7ba4-4e96-4dfc-bd26-0acc0aca2cb3\" data-caption=\"\">\n\t\t\t\t\t\t\t\t<img loading=\"lazy\"     style=\"aspect-ratio: 4 \/ 3; object-fit: cover\" srcset=\"https:\/\/www.seda-international.com\/wp-content\/uploads\/2024\/10\/S-51312-SOG2-1-min.jpg 2000w, https:\/\/www.seda-international.com\/wp-content\/uploads\/2024\/10\/S-51312-SOG2-1-min-300x201.jpg 300w, https:\/\/www.seda-international.com\/wp-content\/uploads\/2024\/10\/S-51312-SOG2-1-min-1024x686.jpg 1024w, https:\/\/www.seda-international.com\/wp-content\/uploads\/2024\/10\/S-51312-SOG2-1-min-768x514.jpg 768w, https:\/\/www.seda-international.com\/wp-content\/uploads\/2024\/10\/S-51312-SOG2-1-min-1536x1028.jpg 1536w, https:\/\/www.seda-international.com\/wp-content\/uploads\/2024\/10\/S-51312-SOG2-1-min-600x402.jpg 600w, https:\/\/www.seda-international.com\/wp-content\/uploads\/2024\/10\/S-51312-SOG2-1-min-1344x900.jpg 1344w, https:\/\/www.seda-international.com\/wp-content\/uploads\/2024\/10\/S-51312-SOG2-1-min-896x600.jpg 896w\" sizes=\"(max-width: 2000px) 100vw, 2000px\" alt=\"\" title=\"S-51312 SOG2 1-min\"\/>\n\t\t\t\t\t\t\t<\/a>\n\t\t\t\t\t\t\t\t\t\t\t\t\n\t\t\t\t\t<\/div>\n\t\t\t\t\t\t\t\t\t\t\t\t\t\t\t\t\t\t\t\t\t<div class=\"swiper-slide\">\n\t\t\t\t\t\t\t\t\t\t\t\t\t<a href=\"https:\/\/www.seda-international.com\/wp-content\/uploads\/2024\/10\/S-51312-SOG2-5-min.jpg\" data-fslightbox=\"4a6d7ba4-4e96-4dfc-bd26-0acc0aca2cb3\" data-caption=\"\">\n\t\t\t\t\t\t\t\t<img loading=\"lazy\"     style=\"aspect-ratio: 4 \/ 3; object-fit: cover\" srcset=\"https:\/\/www.seda-international.com\/wp-content\/uploads\/2024\/10\/S-51312-SOG2-5-min.jpg 2000w, https:\/\/www.seda-international.com\/wp-content\/uploads\/2024\/10\/S-51312-SOG2-5-min-300x201.jpg 300w, https:\/\/www.seda-international.com\/wp-content\/uploads\/2024\/10\/S-51312-SOG2-5-min-1024x686.jpg 1024w, https:\/\/www.seda-international.com\/wp-content\/uploads\/2024\/10\/S-51312-SOG2-5-min-768x514.jpg 768w, https:\/\/www.seda-international.com\/wp-content\/uploads\/2024\/10\/S-51312-SOG2-5-min-1536x1028.jpg 1536w, https:\/\/www.seda-international.com\/wp-content\/uploads\/2024\/10\/S-51312-SOG2-5-min-600x402.jpg 600w, https:\/\/www.seda-international.com\/wp-content\/uploads\/2024\/10\/S-51312-SOG2-5-min-1344x900.jpg 1344w, https:\/\/www.seda-international.com\/wp-content\/uploads\/2024\/10\/S-51312-SOG2-5-min-896x600.jpg 896w\" sizes=\"(max-width: 2000px) 100vw, 2000px\" alt=\"\" title=\"S-51312 SOG2 5-min\"\/>\n\t\t\t\t\t\t\t<\/a>\n\t\t\t\t\t\t\t\t\t\t\t\t\n\t\t\t\t\t<\/div>\n\t\t\t\t\t\t\t\t\t\t\t\t\t\t\t\t\t\t\t\t\t<div class=\"swiper-slide\">\n\t\t\t\t\t\t\t\t\t\t\t\t\t<a href=\"https:\/\/www.seda-international.com\/wp-content\/uploads\/2024\/10\/S-51312-SOG2-3-min.jpg\" data-fslightbox=\"4a6d7ba4-4e96-4dfc-bd26-0acc0aca2cb3\" data-caption=\"\">\n\t\t\t\t\t\t\t\t<img loading=\"lazy\"     style=\"aspect-ratio: 4 \/ 3; object-fit: cover\" srcset=\"https:\/\/www.seda-international.com\/wp-content\/uploads\/2024\/10\/S-51312-SOG2-3-min.jpg 2000w, https:\/\/www.seda-international.com\/wp-content\/uploads\/2024\/10\/S-51312-SOG2-3-min-300x201.jpg 300w, https:\/\/www.seda-international.com\/wp-content\/uploads\/2024\/10\/S-51312-SOG2-3-min-1024x686.jpg 1024w, https:\/\/www.seda-international.com\/wp-content\/uploads\/2024\/10\/S-51312-SOG2-3-min-768x514.jpg 768w, https:\/\/www.seda-international.com\/wp-content\/uploads\/2024\/10\/S-51312-SOG2-3-min-1536x1028.jpg 1536w, https:\/\/www.seda-international.com\/wp-content\/uploads\/2024\/10\/S-51312-SOG2-3-min-600x402.jpg 600w, https:\/\/www.seda-international.com\/wp-content\/uploads\/2024\/10\/S-51312-SOG2-3-min-1344x900.jpg 1344w, https:\/\/www.seda-international.com\/wp-content\/uploads\/2024\/10\/S-51312-SOG2-3-min-896x600.jpg 896w\" sizes=\"(max-width: 2000px) 100vw, 2000px\" alt=\"\" title=\"S-51312 SOG2 3-min\"\/>\n\t\t\t\t\t\t\t<\/a>\n\t\t\t\t\t\t\t\t\t\t\t\t\n\t\t\t\t\t<\/div>\n\t\t\t\t\t\t\t\t\t\t\t\t\t\t\t\t\t\t\t\t\t<div class=\"swiper-slide\">\n\t\t\t\t\t\t\t\t\t\t\t\t\t<a href=\"https:\/\/www.seda-international.com\/wp-content\/uploads\/2024\/10\/S-51312-SOG2-2-min.jpg\" data-fslightbox=\"4a6d7ba4-4e96-4dfc-bd26-0acc0aca2cb3\" data-caption=\"\">\n\t\t\t\t\t\t\t\t<img loading=\"lazy\"     style=\"aspect-ratio: 4 \/ 3; object-fit: cover\" srcset=\"https:\/\/www.seda-international.com\/wp-content\/uploads\/2024\/10\/S-51312-SOG2-2-min.jpg 2000w, https:\/\/www.seda-international.com\/wp-content\/uploads\/2024\/10\/S-51312-SOG2-2-min-300x201.jpg 300w, https:\/\/www.seda-international.com\/wp-content\/uploads\/2024\/10\/S-51312-SOG2-2-min-1024x686.jpg 1024w, https:\/\/www.seda-international.com\/wp-content\/uploads\/2024\/10\/S-51312-SOG2-2-min-768x514.jpg 768w, https:\/\/www.seda-international.com\/wp-content\/uploads\/2024\/10\/S-51312-SOG2-2-min-1536x1028.jpg 1536w, https:\/\/www.seda-international.com\/wp-content\/uploads\/2024\/10\/S-51312-SOG2-2-min-600x402.jpg 600w, https:\/\/www.seda-international.com\/wp-content\/uploads\/2024\/10\/S-51312-SOG2-2-min-1344x900.jpg 1344w, https:\/\/www.seda-international.com\/wp-content\/uploads\/2024\/10\/S-51312-SOG2-2-min-896x600.jpg 896w\" sizes=\"(max-width: 2000px) 100vw, 2000px\" alt=\"\" title=\"S-51312 SOG2 2-min\"\/>\n\t\t\t\t\t\t\t<\/a>\n\t\t\t\t\t\t\t\t\t\t\t\t\n\t\t\t\t\t<\/div>\n\t\t\t\t\t\t\t\t\t<\/div>\n\t\t\t\t\t<\/div>\n<\/div>\n\n\n\n\n\n<p><\/p>\n","protected":false},"excerpt":{"rendered":"<p>Bei der KFZ Trockenlegung muss die Entnahme von Sto\u00dfd\u00e4mpfer\u00f6l schnell, sauber und sicher sein &#8211; perfekt mit dem SEDA SOG\u00b2! \u25b6 Zu den Produktdetails<\/p>\n","protected":false},"featured_media":58310,"template":"","meta":{"footnotes":""},"product_category":[770,772],"class_list":["post-58309","product","type-product","status-publish","has-post-thumbnail","hentry","product_category-depollution-us","product_category-devices-us"],"_links":{"self":[{"href":"https:\/\/www.seda-international.com\/us\/wp-json\/wp\/v2\/product\/58309","targetHints":{"allow":["GET"]}}],"collection":[{"href":"https:\/\/www.seda-international.com\/us\/wp-json\/wp\/v2\/product"}],"about":[{"href":"https:\/\/www.seda-international.com\/us\/wp-json\/wp\/v2\/types\/product"}],"version-history":[{"count":3,"href":"https:\/\/www.seda-international.com\/us\/wp-json\/wp\/v2\/product\/58309\/revisions"}],"predecessor-version":[{"id":61221,"href":"https:\/\/www.seda-international.com\/us\/wp-json\/wp\/v2\/product\/58309\/revisions\/61221"}],"wp:featuredmedia":[{"embeddable":true,"href":"https:\/\/www.seda-international.com\/us\/wp-json\/wp\/v2\/media\/58310"}],"wp:attachment":[{"href":"https:\/\/www.seda-international.com\/us\/wp-json\/wp\/v2\/media?parent=58309"}],"wp:term":[{"taxonomy":"product_category","embeddable":true,"href":"https:\/\/www.seda-international.com\/us\/wp-json\/wp\/v2\/product_category?post=58309"}],"curies":[{"name":"wp","href":"https:\/\/api.w.org\/{rel}","templated":true}]}}