{"id":57084,"date":"2024-12-05T13:51:17","date_gmt":"2024-12-05T12:51:17","guid":{"rendered":"https:\/\/seda2024.cloud10.webhome.at\/produkte\/seda-tl-1-600-1800\/"},"modified":"2026-03-04T15:11:35","modified_gmt":"2026-03-04T14:11:35","slug":"tiltinglift-tl-1","status":"publish","type":"product","link":"https:\/\/www.seda-international.com\/en\/products\/tiltinglift-tl-1\/","title":{"rendered":"SEDA TL-1 1800"},"content":{"rendered":"\n<div class=\"wp-block-group has-global-padding is-layout-constrained wp-block-group-is-layout-constrained\">\n<div class=\"wp-block-webx-blocks-grid is-layout-grid wp-container-webx-blocks-grid-is-layout-54013709 wp-block-webx-blocks-grid-is-layout-grid\" style=\"margin-top:var(--wp--preset--spacing--50);margin-bottom:var(--wp--preset--spacing--50);padding-top:0;padding-bottom:0;--grid-columns-desktop:2;--grid-columns-tablet:1;--grid-columns-mobile:1\">\n<div class=\"wp-block-webx-blocks-grid-item is-vertically-aligned-center is-layout-flow wp-block-webx-blocks-grid-item-is-layout-flow\" style=\"padding-top:0;padding-right:0;padding-bottom:0;padding-left:0;--grid-area-desktop:auto \/ auto \/ auto \/ auto;--grid-area-tablet:auto \/ auto \/ auto \/ auto;--grid-area-mobile:2 \/ 1 \/ 3 \/ 2\">\n<div class=\"wp-block-group has-global-padding is-layout-constrained wp-block-group-is-layout-constrained\">\n<hr class=\"wp-block-separator has-text-color has-accent-color has-alpha-channel-opacity has-accent-background-color has-background is-style-left\" style=\"margin-bottom:var(--wp--preset--spacing--20)\"\/>\n\n\n\n<div class=\"wp-block-webx-blocks-subtitle\">Underground dismantling tilt lift<\/div>\n\n\n<h1 class=\"wp-block-post-title\">SEDA TL-1 1800<\/h1>\n\n\n<p><strong>The SEDA Tilt Lift TL-1 is an underground tilting platform with a specialized lifting function that moves the vehicle instead of the worker.<\/strong><\/p>\n\n\n\n<p>The vehicle is positioned on the tilting platform using a forklift or trolley and secured with a safety system. The securing arm is designed flexibly and can be adapted to all common car models with various optional attachments. Once the vehicle is secured, it can be tilted up to 90\u00b0. Additionally, the SEDA Tilt Lift allows for a stepless elevation of the vehicle to a maximum lifting height of 600 or 1800 mm.   <\/p>\n\n\n\n<div class=\"wp-block-group is-nowrap is-layout-flex wp-container-core-group-is-layout-6c531013 wp-block-group-is-layout-flex\">\n<div class=\"wp-block-buttons is-layout-flex wp-block-buttons-is-layout-flex\">\n<div class=\"wp-block-button is-style-dark\"><a class=\"wp-block-button__link wp-element-button\" href=\"#more\">More Info<\/a><\/div>\n\n\n\n<div class=\"wp-block-button is-style-dark\"><a class=\"wp-block-button__link wp-element-button\" href=\"#anfrage\">Product Inquiry<\/a><\/div>\n<\/div>\n\n\n\n<div style=\"padding-top:0;padding-bottom:0;padding-left:0;padding-right:0;\" class=\"wp-elements-a5cc4c1089e72fac1220510cb2b4aad1 wp-block-webx-post-collector-post-adder has-text-color has-medium-grey-color is-layout-flow wp-block-webx-post-collector-post-adder-is-layout-flow\"    data-wp-interactive=\"webx-post-collector\"\n    data-wp-class--collected=\"state.isInCollection\"\n    data-webx-post-id=\"57084\"\n    data-wp-context='{\"post\":57084,\"label\":\"Bookmark\",\"removeLabel\":\"\",\"showQuantity\":false,\"quantity\":1}'>\n    <div>\n        <svg width=\"100%\" height=\"100%\" viewBox=\"0 0 30 30\" version=\"1.1\" xmlns=\"http:\/\/www.w3.org\/2000\/svg\"\n            xmlns:xlink=\"http:\/\/www.w3.org\/1999\/xlink\" xml:space=\"preserve\" xmlns:serif=\"http:\/\/www.serif.com\/\"\n            style=\"fill-rule:evenodd;clip-rule:evenodd;stroke-linecap:round;stroke-linejoin:round;stroke-miterlimit:1.5;\"\n            data-wp-on--click=\"actions.addToCollection\">\n            <path\n                d=\"M15,2.116l3.198,9.843l10.349,-0l-8.373,6.082l3.198,9.843l-8.372,-6.083l-8.372,6.083l3.198,-9.843l-8.373,-6.082l10.349,-0l3.198,-9.843Z\" \/>\n        <\/svg>\n                            <span data-wp-text=\"state.currentLabel\" data-wp-on--click=\"actions.addToCollection\"\n                style=\"cursor:pointer;\"><\/span>\n            <\/div>\n<\/div><\/div>\n<\/div>\n<\/div>\n\n\n\n<div class=\"wp-block-webx-blocks-grid-item is-vertically-aligned-center is-layout-flow wp-block-webx-blocks-grid-item-is-layout-flow\" style=\"padding-top:0;padding-right:0;padding-bottom:0;padding-left:0;--grid-area-desktop:auto \/ auto \/ auto \/ auto;--grid-area-tablet:auto \/ auto \/ auto \/ auto;--grid-area-mobile:1 \/ 1 \/ 2 \/ 2\">\n<div\n    class=\"wp-block-webx-blocks-image-map\"    data-wp-interactive=\"webx-image-map\">\n    <img loading=\"lazy\" decoding=\"async\"\n        src=\"https:\/\/www.seda-international.com\/wp-content\/uploads\/2024\/12\/N-527612-H-KippLift-TL-1-min.png\"\n        alt=\"\"\n        width=\"2000\"\n        height=\"1339\"\n        srcset=\"https:\/\/www.seda-international.com\/wp-content\/uploads\/2024\/12\/N-527612-H-KippLift-TL-1-min-150x150.png 150w, https:\/\/www.seda-international.com\/wp-content\/uploads\/2024\/12\/N-527612-H-KippLift-TL-1-min-300x201.png 300w, https:\/\/www.seda-international.com\/wp-content\/uploads\/2024\/12\/N-527612-H-KippLift-TL-1-min-1024x686.png 1024w, https:\/\/www.seda-international.com\/wp-content\/uploads\/2024\/12\/N-527612-H-KippLift-TL-1-min-600x402.png 600w, https:\/\/www.seda-international.com\/wp-content\/uploads\/2024\/12\/N-527612-H-KippLift-TL-1-min.png 2000w, https:\/\/www.seda-international.com\/wp-content\/uploads\/2024\/12\/N-527612-H-KippLift-TL-1-min-1536x1028.png 1536w, https:\/\/www.seda-international.com\/wp-content\/uploads\/2024\/12\/N-527612-H-KippLift-TL-1-min-1344x900.png 1344w, https:\/\/www.seda-international.com\/wp-content\/uploads\/2024\/12\/N-527612-H-KippLift-TL-1-min-896x600.png 896w\"\n        sizes=\"auto, (max-width: 150px) 150px,\n           (max-width: 300px) 300px,\n           (max-width: 1024px) 1024px,\n           1920px\">\n    <div class=\"dots-container\">\n        \n\n<div\n    class=\"left wp-block-webx-blocks-image-map-dot\"    data-wp-interactive=\"webx-image-map\"\n    data-wp-on--click=\"actions.setOpen\"\n    data-wp-class--is-selected=\"state.isOpen\"\n    data-wp-context='{\"isOpen\":false,\"id\":\"p-3\"}'    style=\" top: 79%; left: 58%\">\n    <div>Powerful hydraulics<\/div>\n<\/div>\n\n\n<div\n    class=\"right wp-block-webx-blocks-image-map-dot\"    data-wp-interactive=\"webx-image-map\"\n    data-wp-on--click=\"actions.setOpen\"\n    data-wp-class--is-selected=\"state.isOpen\"\n    data-wp-context='{\"isOpen\":false,\"id\":\"p-4\"}'    style=\" top: 77%; right: 50%\">\n    <div>Lifting function allows a height of up to 1800 mm, simplifying the dismantling process<\/div>\n<\/div>\n\n\n<div\n    class=\"left wp-block-webx-blocks-image-map-dot\"    data-wp-interactive=\"webx-image-map\"\n    data-wp-on--click=\"actions.setOpen\"\n    data-wp-class--is-selected=\"state.isOpen\"\n    data-wp-context='{\"isOpen\":false,\"id\":\"p-5\"}'    style=\" top: 95%; left: 53%\">\n    <div>Compact size<\/div>\n<\/div>\n\n\n<div\n    class=\"left wp-block-webx-blocks-image-map-dot\"    data-wp-interactive=\"webx-image-map\"\n    data-wp-on--click=\"actions.setOpen\"\n    data-wp-class--is-selected=\"state.isOpen\"\n    data-wp-context='{\"isOpen\":false,\"id\":\"p-6\"}'    style=\" top: 25%; left: 67%\">\n    <div>The securing arm provides additional safety during operation<\/div>\n<\/div>\n\n\n<div\n    class=\"left wp-block-webx-blocks-image-map-dot\"    data-wp-interactive=\"webx-image-map\"\n    data-wp-on--click=\"actions.setOpen\"\n    data-wp-class--is-selected=\"state.isOpen\"\n    data-wp-context='{\"isOpen\":false,\"id\":\"p-7\"}'    style=\" top: 13%; left: 53%\">\n    <div>Stepless 90\u00b0 rotation allows ergonomic access to the vehicle<\/div>\n<\/div>\n\n\n<div\n    class=\"right wp-block-webx-blocks-image-map-dot\"    data-wp-interactive=\"webx-image-map\"\n    data-wp-on--click=\"actions.setOpen\"\n    data-wp-class--is-selected=\"state.isOpen\"\n    data-wp-context='{\"isOpen\":false,\"id\":\"p-8\"}'    style=\" top: 57%; right: 60%\">\n    <div>Top-quality steel, perfectly forged<\/div>\n<\/div>\n\n\n<div\n    class=\"right wp-block-webx-blocks-image-map-dot\"    data-wp-interactive=\"webx-image-map\"\n    data-wp-on--click=\"actions.setOpen\"\n    data-wp-class--is-selected=\"state.isOpen\"\n    data-wp-context='{\"isOpen\":false,\"id\":\"p-9\"}'    style=\" top: 37%; right: 67%\">\n    <div>Loong, strong forks equipped with 4 safety mounts<\/div>\n<\/div>\n    <\/div>\n<\/div><\/div>\n<\/div>\n<\/div>\n\n\n\n<div class=\"wp-block-group alignfull is-layout-flow wp-container-core-group-is-layout-d64f4584 wp-block-group-is-layout-flow\" style=\"margin-top:var(--wp--preset--spacing--50);margin-bottom:var(--wp--preset--spacing--50)\">\n<div class=\"wp-block-group alignfull has-light-grey-background-color has-background has-global-padding is-layout-constrained wp-block-group-is-layout-constrained\" style=\"padding-top:var(--wp--preset--spacing--40);padding-bottom:var(--wp--preset--spacing--40)\">\n<div class=\"wp-block-webx-blocks-grid is-layout-grid wp-container-webx-blocks-grid-is-layout-39518332 wp-block-webx-blocks-grid-is-layout-grid\" style=\"padding-right:0;padding-left:0;--grid-columns-desktop:3;--grid-columns-tablet:2;--grid-columns-mobile:1\">\n<div class=\"wp-block-webx-blocks-grid-item is-layout-flow wp-block-webx-blocks-grid-item-is-layout-flow\" style=\"padding-top:0;padding-right:0;padding-bottom:0;padding-left:0;--grid-area-desktop:auto \/ auto \/ auto \/ auto;--grid-area-tablet:auto \/ auto \/ auto \/ auto;--grid-area-mobile:auto \/ auto \/ auto \/ auto\">\n<h2 class=\"wp-block-heading\">Technical Data<\/h2>\n\n\n\n<figure class=\"wp-block-table is-style-stripes\"><table><tbody><tr><td>Control system<\/td><td>hydraulic<\/td><\/tr><tr><td>Lifting height<\/td><td>up to 1,800 mm<\/td><\/tr><tr><td>Load capacity<\/td><td>4,000 kg<\/td><\/tr><tr><td>Power output<\/td><td>3 kW<\/td><\/tr><tr><td>Oil volume<\/td><td>13,4 l<\/td><\/tr><tr><td>Power supply<\/td><td>400 V<\/td><\/tr><tr><td>Gr\u00f6\u00dfe Kippb\u00fchnetilting platform dimensions<\/td><td>1,5 x 2,6 x 2,5 m<\/td><\/tr><\/tbody><\/table><\/figure>\n<\/div>\n\n\n\n<div class=\"wp-block-webx-blocks-grid-item is-layout-flow wp-block-webx-blocks-grid-item-is-layout-flow\" style=\"padding-top:0;padding-right:0;padding-bottom:0;padding-left:0;--grid-area-desktop:auto \/ auto \/ auto \/ auto;--grid-area-tablet:auto \/ auto \/ auto \/ auto;--grid-area-mobile:auto \/ auto \/ auto \/ auto\">\n<h2 class=\"wp-block-heading\">Order Number<\/h2>\n\n\n\n<figure class=\"wp-block-table is-style-stripes\"><table><tbody><tr><td>A-527512-H<\/td><td class=\"has-text-align-left\" data-align=\"left\">SEDA TL-1 1800<\/td><\/tr><tr><td><strong>Alternative<\/strong><\/td><td class=\"has-text-align-left\" data-align=\"left\"><\/td><\/tr><tr><td>A-527800<\/td><td class=\"has-text-align-left\" data-align=\"left\">SEDA TL-2<\/td><\/tr><tr><td>A-527493-H<\/td><td class=\"has-text-align-left\" data-align=\"left\">SEDA tilt lift<\/td><\/tr><tr><td><strong>Optional<\/strong><\/td><td class=\"has-text-align-left\" data-align=\"left\"><\/td><\/tr><tr><td>A-527625<\/td><td class=\"has-text-align-left\" data-align=\"left\">SEDA vehicle trolley<\/td><\/tr><\/tbody><\/table><\/figure>\n<\/div>\n\n\n\n<div class=\"wp-block-webx-blocks-grid-item is-layout-flow wp-block-webx-blocks-grid-item-is-layout-flow\" style=\"padding-top:0;padding-right:0;padding-bottom:0;padding-left:0;--grid-area-desktop:auto \/ auto \/ auto \/ auto;--grid-area-tablet:auto \/ span 2 \/ auto \/ auto;--grid-area-mobile:auto \/ auto \/ auto \/ auto\">\n<h2 class=\"wp-block-heading\">Downloads<\/h2>\n\n\n\n<div class=\"wp-block-buttons is-vertical is-layout-flex wp-container-core-buttons-is-layout-fe9cc265 wp-block-buttons-is-layout-flex\">\n<div class=\"wp-block-button is-style-dark\"><a class=\"wp-block-button__link wp-element-button\" href=\"https:\/\/www.seda-international.com\/wp-content\/uploads\/2026\/03\/VER-INFO-EN-TiltingLift-TL-1-1800.pdf\" target=\"_blank\" rel=\"noreferrer noopener\">Infosheet (PDF)<\/a><\/div>\n<\/div>\n<\/div>\n<\/div>\n<\/div>\n\n\n\n<div class=\"wp-block-group alignfull has-medium-grey-background-color has-background is-layout-flow wp-block-group-is-layout-flow\">\n<div class=\"wp-block-group has-global-padding is-layout-constrained wp-block-group-is-layout-constrained\">\n<div class=\"wp-block-cover is-light is-style-triangled has-base-color has-text-color has-link-color wp-elements-d6a3c36b90e97f9d3f3f441a511f62a2\" style=\"padding-right:0;padding-left:0\"><span aria-hidden=\"true\" class=\"wp-block-cover__background has-medium-grey-background-color has-background-dim-100 has-background-dim\"><\/span><div class=\"wp-block-cover__inner-container has-global-padding is-layout-constrained wp-container-core-cover-is-layout-7db9d80f wp-block-cover-is-layout-constrained\">\n<div class=\"wp-block-webx-blocks-grid is-layout-grid wp-container-webx-blocks-grid-is-layout-89e88e70 wp-block-webx-blocks-grid-is-layout-grid\" style=\"padding-top:var(--wp--preset--spacing--40);padding-right:0;padding-bottom:var(--wp--preset--spacing--40);padding-left:0;--grid-columns-desktop:3;--grid-columns-tablet:1;--grid-columns-mobile:1\">\n<div class=\"wp-block-webx-blocks-grid-item is-vertically-aligned-top is-layout-flow wp-block-webx-blocks-grid-item-is-layout-flow\" style=\"padding-top:0;padding-right:0;padding-bottom:0;padding-left:0;--grid-area-desktop:auto \/ 1 \/ auto \/ 3;--grid-area-tablet:auto \/ auto \/ auto \/ auto;--grid-area-mobile:auto \/ auto \/ auto \/ auto\">\n<div class=\"wp-block-group has-global-padding is-layout-constrained wp-block-group-is-layout-constrained\">\n<h2 class=\"wp-block-heading\">Benefits<\/h2>\n\n\n\n<ul style=\"font-size:clamp(0.875rem, 0.875rem + ((1vw - 0.2rem) * 0.459), 1.3rem);\" class=\"wp-block-list is-style-checkmark-list\">\n<li>Simple and ergonomic vehicle handling<\/li>\n\n\n\n<li>Underground installation<\/li>\n\n\n\n<li>Stepless 90\u00b0 rotation<\/li>\n\n\n\n<li>Available with lifting heights of 600 or 1800 mm<\/li>\n\n\n\n<li>Hydraulic control system<\/li>\n<\/ul>\n<\/div>\n<\/div>\n\n\n\n<div class=\"wp-block-webx-blocks-grid-item is-layout-flow wp-block-webx-blocks-grid-item-is-layout-flow\" style=\"padding-top:0;padding-right:0;padding-bottom:0;padding-left:0;--grid-area-desktop:auto \/ auto \/ auto \/ auto;--grid-area-tablet:auto \/ auto \/ auto \/ auto;--grid-area-mobile:auto \/ auto \/ auto \/ auto\">\n<h2 class=\"wp-block-heading\">Video<\/h2>\n\n\n\n<figure class=\"wp-block-embed is-type-video is-provider-youtube wp-block-embed-youtube wp-embed-aspect-16-9 wp-has-aspect-ratio\"><div class=\"wp-block-embed__wrapper\">\n <div class=\"brlbs-cmpnt-container brlbs-cmpnt-content-blocker brlbs-cmpnt-with-individual-styles\" data-borlabs-cookie-content-blocker-id=\"youtube-content-blocker\" data-borlabs-cookie-content=\"PGlmcmFtZSB0aXRsZT0iU0VEQSBUaWx0aW5nTGlmdCBUTC0xIiB3aWR0aD0iNTAwIiBoZWlnaHQ9IjI4MSIgc3JjPSJodHRwczovL3d3dy55b3V0dWJlLW5vY29va2llLmNvbS9lbWJlZC9CeW1Jb0c1YWhmQT9mZWF0dXJlPW9lbWJlZCIgZnJhbWVib3JkZXI9IjAiIGFsbG93PSJhY2NlbGVyb21ldGVyOyBhdXRvcGxheTsgY2xpcGJvYXJkLXdyaXRlOyBlbmNyeXB0ZWQtbWVkaWE7IGd5cm9zY29wZTsgcGljdHVyZS1pbi1waWN0dXJlOyB3ZWItc2hhcmUiIHJlZmVycmVycG9saWN5PSJzdHJpY3Qtb3JpZ2luLXdoZW4tY3Jvc3Mtb3JpZ2luIiBhbGxvd2Z1bGxzY3JlZW4+PC9pZnJhbWU+\"><div class=\"brlbs-cmpnt-cb-preset-c brlbs-cmpnt-cb-youtube\"> <div class=\"brlbs-cmpnt-cb-thumbnail\" style=\"background-image: url('https:\/\/www.seda-international.com\/wp-content\/uploads\/borlabs-cookie\/1\/yt_BymIoG5ahfA_hqdefault.jpg')\"><\/div> <div class=\"brlbs-cmpnt-cb-main\"> <div class=\"brlbs-cmpnt-cb-play-button\"><\/div> <div class=\"brlbs-cmpnt-cb-content\"> <p class=\"brlbs-cmpnt-cb-description\">You are currently viewing a placeholder content from <strong>YouTube<\/strong>. To access the actual content, click the button below. Please note that doing so will share data with third-party providers.<\/p> <a class=\"brlbs-cmpnt-cb-provider-toggle\" href=\"#\" data-borlabs-cookie-show-provider-information role=\"button\">More Information<\/a> <\/div> <div class=\"brlbs-cmpnt-cb-buttons\"> <a class=\"brlbs-cmpnt-cb-btn\" href=\"#\" data-borlabs-cookie-unblock role=\"button\">Unblock content<\/a> <a class=\"brlbs-cmpnt-cb-btn\" href=\"#\" data-borlabs-cookie-accept-service role=\"button\" style=\"display: inherit\">Accept required service and unblock content<\/a> <\/div> <\/div> <\/div><\/div>\n<\/div><\/figure>\n<\/div>\n<\/div>\n<\/div><\/div>\n<\/div>\n<\/div>\n<\/div>\n\n\n    \n\n<div style=\"margin-top:var(--wp--preset--spacing--50);margin-bottom:var(--wp--preset--spacing--50);\" class=\"wp-block-webx-blocks-image-slider\">\n\t<div class=\"swiper webx-gallery-swiper\" data-spv=\"3\" data-sb=10 data-stn=1 data-loop=\"0\">\n\t\t<div class=\"swiper-wrapper\" style=\"\">\n\t\t\t\t\t\t\t\t\t\t\t\t\t\t\t\t\t<div class=\"swiper-slide\">\n\t\t\t\t\t\t\t\t\t\t\t\t\t<a href=\"https:\/\/www.seda-international.com\/wp-content\/uploads\/2024\/12\/N-527612-H-KippLift-TL-1-1-min.jpg\" data-fslightbox=\"a273dc53-fa6c-4417-9a30-2ad7df5afcbb\" data-caption=\"\">\n\t\t\t\t\t\t\t\t<img loading=\"lazy\"     style=\"aspect-ratio: 4 \/ 3; object-fit: cover\" srcset=\"https:\/\/www.seda-international.com\/wp-content\/uploads\/2024\/12\/N-527612-H-KippLift-TL-1-1-min.jpg 2000w, https:\/\/www.seda-international.com\/wp-content\/uploads\/2024\/12\/N-527612-H-KippLift-TL-1-1-min-300x201.jpg 300w, https:\/\/www.seda-international.com\/wp-content\/uploads\/2024\/12\/N-527612-H-KippLift-TL-1-1-min-1024x686.jpg 1024w, https:\/\/www.seda-international.com\/wp-content\/uploads\/2024\/12\/N-527612-H-KippLift-TL-1-1-min-768x514.jpg 768w, https:\/\/www.seda-international.com\/wp-content\/uploads\/2024\/12\/N-527612-H-KippLift-TL-1-1-min-1536x1028.jpg 1536w, https:\/\/www.seda-international.com\/wp-content\/uploads\/2024\/12\/N-527612-H-KippLift-TL-1-1-min-600x402.jpg 600w, https:\/\/www.seda-international.com\/wp-content\/uploads\/2024\/12\/N-527612-H-KippLift-TL-1-1-min-1344x900.jpg 1344w, https:\/\/www.seda-international.com\/wp-content\/uploads\/2024\/12\/N-527612-H-KippLift-TL-1-1-min-896x600.jpg 896w\" sizes=\"(max-width: 2000px) 100vw, 2000px\" alt=\"\" title=\"N-527612-H KippLift TL-1 1-min\"\/>\n\t\t\t\t\t\t\t<\/a>\n\t\t\t\t\t\t\t\t\t\t\t\t\n\t\t\t\t\t<\/div>\n\t\t\t\t\t\t\t\t\t\t\t\t\t\t\t\t\t\t\t\t\t<div class=\"swiper-slide\">\n\t\t\t\t\t\t\t\t\t\t\t\t\t<a href=\"https:\/\/www.seda-international.com\/wp-content\/uploads\/2024\/12\/N-527612-H-KippLift-TL-1-3-min.jpg\" data-fslightbox=\"a273dc53-fa6c-4417-9a30-2ad7df5afcbb\" data-caption=\"\">\n\t\t\t\t\t\t\t\t<img loading=\"lazy\"     style=\"aspect-ratio: 4 \/ 3; object-fit: cover\" srcset=\"https:\/\/www.seda-international.com\/wp-content\/uploads\/2024\/12\/N-527612-H-KippLift-TL-1-3-min.jpg 2000w, https:\/\/www.seda-international.com\/wp-content\/uploads\/2024\/12\/N-527612-H-KippLift-TL-1-3-min-300x201.jpg 300w, https:\/\/www.seda-international.com\/wp-content\/uploads\/2024\/12\/N-527612-H-KippLift-TL-1-3-min-1024x686.jpg 1024w, https:\/\/www.seda-international.com\/wp-content\/uploads\/2024\/12\/N-527612-H-KippLift-TL-1-3-min-768x514.jpg 768w, https:\/\/www.seda-international.com\/wp-content\/uploads\/2024\/12\/N-527612-H-KippLift-TL-1-3-min-1536x1028.jpg 1536w, https:\/\/www.seda-international.com\/wp-content\/uploads\/2024\/12\/N-527612-H-KippLift-TL-1-3-min-600x402.jpg 600w, https:\/\/www.seda-international.com\/wp-content\/uploads\/2024\/12\/N-527612-H-KippLift-TL-1-3-min-1344x900.jpg 1344w, https:\/\/www.seda-international.com\/wp-content\/uploads\/2024\/12\/N-527612-H-KippLift-TL-1-3-min-896x600.jpg 896w\" sizes=\"(max-width: 2000px) 100vw, 2000px\" alt=\"\" title=\"N-527612-H KippLift TL-1 3-min\"\/>\n\t\t\t\t\t\t\t<\/a>\n\t\t\t\t\t\t\t\t\t\t\t\t\n\t\t\t\t\t<\/div>\n\t\t\t\t\t\t\t\t\t\t\t\t\t\t\t\t\t\t\t\t\t<div class=\"swiper-slide\">\n\t\t\t\t\t\t\t\t\t\t\t\t\t<a href=\"https:\/\/www.seda-international.com\/wp-content\/uploads\/2024\/12\/N-527612-H-KippLift-TL-1-4-min.jpg\" data-fslightbox=\"a273dc53-fa6c-4417-9a30-2ad7df5afcbb\" data-caption=\"\">\n\t\t\t\t\t\t\t\t<img loading=\"lazy\"     style=\"aspect-ratio: 4 \/ 3; object-fit: cover\" srcset=\"https:\/\/www.seda-international.com\/wp-content\/uploads\/2024\/12\/N-527612-H-KippLift-TL-1-4-min.jpg 2000w, https:\/\/www.seda-international.com\/wp-content\/uploads\/2024\/12\/N-527612-H-KippLift-TL-1-4-min-300x201.jpg 300w, https:\/\/www.seda-international.com\/wp-content\/uploads\/2024\/12\/N-527612-H-KippLift-TL-1-4-min-1024x686.jpg 1024w, https:\/\/www.seda-international.com\/wp-content\/uploads\/2024\/12\/N-527612-H-KippLift-TL-1-4-min-768x514.jpg 768w, https:\/\/www.seda-international.com\/wp-content\/uploads\/2024\/12\/N-527612-H-KippLift-TL-1-4-min-1536x1028.jpg 1536w, https:\/\/www.seda-international.com\/wp-content\/uploads\/2024\/12\/N-527612-H-KippLift-TL-1-4-min-600x402.jpg 600w, https:\/\/www.seda-international.com\/wp-content\/uploads\/2024\/12\/N-527612-H-KippLift-TL-1-4-min-1344x900.jpg 1344w, https:\/\/www.seda-international.com\/wp-content\/uploads\/2024\/12\/N-527612-H-KippLift-TL-1-4-min-896x600.jpg 896w\" sizes=\"(max-width: 2000px) 100vw, 2000px\" alt=\"\" title=\"N-527612-H KippLift TL-1 4-min\"\/>\n\t\t\t\t\t\t\t<\/a>\n\t\t\t\t\t\t\t\t\t\t\t\t\n\t\t\t\t\t<\/div>\n\t\t\t\t\t\t\t\t\t\t\t\t\t\t\t\t\t\t\t\t\t<div class=\"swiper-slide\">\n\t\t\t\t\t\t\t\t\t\t\t\t\t<a href=\"https:\/\/www.seda-international.com\/wp-content\/uploads\/2024\/12\/N-527612-H-KippLift-TL-1-5-min.jpg\" data-fslightbox=\"a273dc53-fa6c-4417-9a30-2ad7df5afcbb\" data-caption=\"\">\n\t\t\t\t\t\t\t\t<img loading=\"lazy\"     style=\"aspect-ratio: 4 \/ 3; object-fit: cover\" srcset=\"https:\/\/www.seda-international.com\/wp-content\/uploads\/2024\/12\/N-527612-H-KippLift-TL-1-5-min.jpg 2000w, https:\/\/www.seda-international.com\/wp-content\/uploads\/2024\/12\/N-527612-H-KippLift-TL-1-5-min-300x201.jpg 300w, https:\/\/www.seda-international.com\/wp-content\/uploads\/2024\/12\/N-527612-H-KippLift-TL-1-5-min-1024x686.jpg 1024w, https:\/\/www.seda-international.com\/wp-content\/uploads\/2024\/12\/N-527612-H-KippLift-TL-1-5-min-768x514.jpg 768w, https:\/\/www.seda-international.com\/wp-content\/uploads\/2024\/12\/N-527612-H-KippLift-TL-1-5-min-1536x1028.jpg 1536w, https:\/\/www.seda-international.com\/wp-content\/uploads\/2024\/12\/N-527612-H-KippLift-TL-1-5-min-600x402.jpg 600w, https:\/\/www.seda-international.com\/wp-content\/uploads\/2024\/12\/N-527612-H-KippLift-TL-1-5-min-1344x900.jpg 1344w, https:\/\/www.seda-international.com\/wp-content\/uploads\/2024\/12\/N-527612-H-KippLift-TL-1-5-min-896x600.jpg 896w\" sizes=\"(max-width: 2000px) 100vw, 2000px\" alt=\"\" title=\"N-527612-H KippLift TL-1 5-min\"\/>\n\t\t\t\t\t\t\t<\/a>\n\t\t\t\t\t\t\t\t\t\t\t\t\n\t\t\t\t\t<\/div>\n\t\t\t\t\t\t\t\t\t\t\t\t\t\t\t\t\t\t\t\t\t<div class=\"swiper-slide\">\n\t\t\t\t\t\t\t\t\t\t\t\t\t<a href=\"https:\/\/www.seda-international.com\/wp-content\/uploads\/2024\/12\/N-527612-H-KippLift-TL-1-2-min.jpg\" data-fslightbox=\"a273dc53-fa6c-4417-9a30-2ad7df5afcbb\" data-caption=\"\">\n\t\t\t\t\t\t\t\t<img loading=\"lazy\"     style=\"aspect-ratio: 4 \/ 3; object-fit: cover\" srcset=\"https:\/\/www.seda-international.com\/wp-content\/uploads\/2024\/12\/N-527612-H-KippLift-TL-1-2-min.jpg 2000w, https:\/\/www.seda-international.com\/wp-content\/uploads\/2024\/12\/N-527612-H-KippLift-TL-1-2-min-300x201.jpg 300w, https:\/\/www.seda-international.com\/wp-content\/uploads\/2024\/12\/N-527612-H-KippLift-TL-1-2-min-1024x686.jpg 1024w, https:\/\/www.seda-international.com\/wp-content\/uploads\/2024\/12\/N-527612-H-KippLift-TL-1-2-min-768x514.jpg 768w, https:\/\/www.seda-international.com\/wp-content\/uploads\/2024\/12\/N-527612-H-KippLift-TL-1-2-min-1536x1028.jpg 1536w, https:\/\/www.seda-international.com\/wp-content\/uploads\/2024\/12\/N-527612-H-KippLift-TL-1-2-min-600x402.jpg 600w, https:\/\/www.seda-international.com\/wp-content\/uploads\/2024\/12\/N-527612-H-KippLift-TL-1-2-min-1344x900.jpg 1344w, https:\/\/www.seda-international.com\/wp-content\/uploads\/2024\/12\/N-527612-H-KippLift-TL-1-2-min-896x600.jpg 896w\" sizes=\"(max-width: 2000px) 100vw, 2000px\" alt=\"\" title=\"N-527612-H KippLift TL-1 2-min\"\/>\n\t\t\t\t\t\t\t<\/a>\n\t\t\t\t\t\t\t\t\t\t\t\t\n\t\t\t\t\t<\/div>\n\t\t\t\t\t\t\t\t\t<\/div>\n\t\t\t\t\t<\/div>\n<\/div>\n\n\n\n\n\n<div class=\"wp-block-group has-global-padding is-content-justification-left is-layout-constrained wp-container-core-group-is-layout-302f0a3a wp-block-group-is-layout-constrained\" style=\"margin-top:var(--wp--preset--spacing--50);margin-bottom:var(--wp--preset--spacing--50)\">\n<h2 class=\"wp-block-heading\" id=\"more\">Additional Information<\/h2>\n\n\n\n<p>The Tilt Lift TL-1 is particularly useful for dismantling engines and transmissions. In the tilted position, screws and fasteners can be easily removed, and the lifting function makes it simple to extract the engine or other heavy components. <\/p>\n<\/div>\n","protected":false},"excerpt":{"rendered":"<p>Additional Information The Tilt Lift TL-1 is particularly useful for dismantling engines and transmissions. In the tilted position, screws and fasteners can be easily removed, and the lifting function makes it simple to extract the engine or other heavy components.<\/p>\n","protected":false},"featured_media":44646,"template":"","meta":{"footnotes":""},"product_category":[726,744],"class_list":["post-57084","product","type-product","status-publish","has-post-thumbnail","hentry","product_category-depollution","product_category-vehicle-racks"],"_links":{"self":[{"href":"https:\/\/www.seda-international.com\/en\/wp-json\/wp\/v2\/product\/57084","targetHints":{"allow":["GET"]}}],"collection":[{"href":"https:\/\/www.seda-international.com\/en\/wp-json\/wp\/v2\/product"}],"about":[{"href":"https:\/\/www.seda-international.com\/en\/wp-json\/wp\/v2\/types\/product"}],"version-history":[{"count":3,"href":"https:\/\/www.seda-international.com\/en\/wp-json\/wp\/v2\/product\/57084\/revisions"}],"predecessor-version":[{"id":61595,"href":"https:\/\/www.seda-international.com\/en\/wp-json\/wp\/v2\/product\/57084\/revisions\/61595"}],"wp:featuredmedia":[{"embeddable":true,"href":"https:\/\/www.seda-international.com\/en\/wp-json\/wp\/v2\/media\/44646"}],"wp:attachment":[{"href":"https:\/\/www.seda-international.com\/en\/wp-json\/wp\/v2\/media?parent=57084"}],"wp:term":[{"taxonomy":"product_category","embeddable":true,"href":"https:\/\/www.seda-international.com\/en\/wp-json\/wp\/v2\/product_category?post=57084"}],"curies":[{"name":"wp","href":"https:\/\/api.w.org\/{rel}","templated":true}]}}