{"id":56003,"date":"2025-01-13T14:48:32","date_gmt":"2025-01-13T13:48:32","guid":{"rendered":"https:\/\/seda2024.cloud10.webhome.at\/impressum\/"},"modified":"2025-05-05T15:05:32","modified_gmt":"2025-05-05T13:05:32","slug":"legal-notice","status":"publish","type":"page","link":"https:\/\/www.seda-international.com\/en\/legal-notice\/","title":{"rendered":"Legal Notice"},"content":{"rendered":"\n<h2 class=\"wp-block-heading\">SEDA-Umwelttechnik GmbH<\/h2>\n\n\n\n<p>Schwendter Stra\u00dfe 10,<br>6345 K\u00f6ssen,<br>\u00d6sterreich<\/p>\n\n\n\n<p><strong>Phone number:<\/strong>&nbsp;0043 5375 6318-0<br><strong>Fax:<\/strong>&nbsp;0043 5375 6318-9<br><strong>Email:<\/strong>&nbsp;<a href=\"mailto:info@seda.at\">info@seda.at<\/a><\/p>\n\n\n\n<p><strong>Commercial register number:<\/strong>&nbsp;FN 231790 v<br><strong>Commercial Register Court:<\/strong>&nbsp;Innsbruck<br><strong>Registered office:<\/strong>&nbsp;6345 K\u00f6ssen<br><strong>VAT number:<\/strong>&nbsp;ATU56621622<br><\/p>\n\n\n\n<p><strong>Supervisory authority:<\/strong><br>Bezirkshauptmannschaft Kitzb\u00fchel<\/p>\n\n\n\n<p><strong>Granting state:<\/strong>&nbsp;Austria<\/p>\n\n\n\n<p><strong>Chief Executive Officer:<\/strong>&nbsp;Rainer Dagn<\/p>\n\n\n\n<p><strong>Email:<\/strong>&nbsp;<a href=\"mailto:info@seda.at\">info@seda.at<\/a><br><strong>Phone number:<\/strong>&nbsp;0043 5375 6318-0<br><strong>Imprint:<\/strong>&nbsp;<a href=\"https:\/\/www.seda-international.com\/en\/legal-notice\/\">https:\/\/www.seda-international.com\/en\/legal-notice\/<\/a><\/p>\n\n\n\n<h2 class=\"wp-block-heading\" id=\"eu-streitschlichtung\">EU Dispute Resolution<\/h2>\n\n\n\n<p>We would like to inform you about the Online Dispute Resolution platform (ODR platform) in accordance with the regulation on Online Dispute Resolution in consumer matters (ODR Regulation).<br>Consumers have the option of submitting complaints to the European Commission\u2019s Online Dispute Resolution platform at&nbsp;<a href=\"https:\/\/ec.europa.eu\/consumers\/odr\/main\/?event=main.home2.show\" target=\"_blank\" rel=\"noreferrer noopener\">https:\/\/ec.europa.eu\/consumers\/odr\/main\/?event=main.home2.show<\/a>. You will find the necessary contact details in our imprint above.<\/p>\n\n\n\n<p>However, we would like to note, that we are not willing or obliged to participate in dispute settlement procedures before a consumer arbitration board.<\/p>\n\n\n\n<h2 class=\"wp-block-heading\" id=\"bildernachweis\">Picture Credits<\/h2>\n\n\n\n<p>The pictures, images and graphics on this website are protected by copyright.<\/p>\n\n\n\n<p><strong>The image rights belong to:<\/strong><br>SEDA-Umwelttechnik GmbH<br>SEDA Partner<\/p>\n\n\n\n<h2 class=\"wp-block-heading\" id=\"onlineauftritte\">OTHER ONLINE Platforms<\/h2>\n\n\n\n<p><strong>This imprint also applies to<\/strong><br><a href=\"https:\/\/www.facebook.com\/sedainternationalofficial\/\" target=\"_blank\" rel=\"noreferrer noopener\">https:\/\/www.facebook.com\/sedainternationalofficial\/<\/a><br><a href=\"https:\/\/www.instagram.com\/seda_international\/\" target=\"_blank\" rel=\"noreferrer noopener\">https:\/\/www.instagram.com\/seda_international\/<\/a><br><a href=\"https:\/\/www.youtube.com\/user\/sedaenviron\/\" target=\"_blank\" rel=\"noreferrer noopener\">https:\/\/www.youtube.com\/user\/sedaenviron\/<\/a><br><a href=\"https:\/\/x.com\/sedaenviron\/\" target=\"_blank\" rel=\"noreferrer noopener\">https:\/\/x.com\/sedaenviron\/<\/a><br><a href=\"https:\/\/www.linkedin.com\/company\/seda-umwelttechnik-gmbh\/\" target=\"_blank\" rel=\"noreferrer noopener\">https:\/\/www.linkedin.com\/company\/seda-umwelttechnik-gmbh\/<\/a><\/p>\n\n\n\n<p>All texts are copyrighted.<\/p>\n\n\n\n<p><\/p>\n","protected":false},"excerpt":{"rendered":"<p>SEDA-Umwelttechnik GmbH Schwendter Stra\u00dfe 10,6345 K\u00f6ssen,\u00d6sterreich Phone number:&nbsp;0043 5375 6318-0Fax:&nbsp;0043 5375 6318-9Email:&nbsp;info@seda.at Commercial register number:&nbsp;FN 231790 vCommercial Register Court:&nbsp;InnsbruckRegistered office:&nbsp;6345 K\u00f6ssenVAT number:&nbsp;ATU56621622 Supervisory authority:Bezirkshauptmannschaft Kitzb\u00fchel Granting state:&nbsp;Austria Chief Executive Officer:&nbsp;Rainer Dagn Email:&nbsp;info@seda.atPhone number:&nbsp;0043 5375 6318-0Imprint:&nbsp;https:\/\/www.seda-international.com\/en\/legal-notice\/ EU Dispute Resolution We would like to inform you about the Online Dispute Resolution platform (ODR platform) in accordance with [&hellip;]<\/p>\n","protected":false},"author":2,"featured_media":0,"parent":0,"menu_order":0,"comment_status":"closed","ping_status":"closed","template":"","meta":{"footnotes":""},"class_list":["post-56003","page","type-page","status-publish","hentry"],"_links":{"self":[{"href":"https:\/\/www.seda-international.com\/en\/wp-json\/wp\/v2\/pages\/56003","targetHints":{"allow":["GET"]}}],"collection":[{"href":"https:\/\/www.seda-international.com\/en\/wp-json\/wp\/v2\/pages"}],"about":[{"href":"https:\/\/www.seda-international.com\/en\/wp-json\/wp\/v2\/types\/page"}],"author":[{"embeddable":true,"href":"https:\/\/www.seda-international.com\/en\/wp-json\/wp\/v2\/users\/2"}],"replies":[{"embeddable":true,"href":"https:\/\/www.seda-international.com\/en\/wp-json\/wp\/v2\/comments?post=56003"}],"version-history":[{"count":3,"href":"https:\/\/www.seda-international.com\/en\/wp-json\/wp\/v2\/pages\/56003\/revisions"}],"predecessor-version":[{"id":60488,"href":"https:\/\/www.seda-international.com\/en\/wp-json\/wp\/v2\/pages\/56003\/revisions\/60488"}],"wp:attachment":[{"href":"https:\/\/www.seda-international.com\/en\/wp-json\/wp\/v2\/media?parent=56003"}],"curies":[{"name":"wp","href":"https:\/\/api.w.org\/{rel}","templated":true}]}}